{"id":27,"date":"2021-08-14T09:58:07","date_gmt":"2021-08-14T09:58:07","guid":{"rendered":"https:\/\/xstore.8theme.com\/elementor\/demos\/sneakers\/?page_id=27"},"modified":"2026-04-22T11:57:56","modified_gmt":"2026-04-22T11:57:56","slug":"contact-us","status":"publish","type":"page","link":"https:\/\/movimento.al\/en\/contact-us\/","title":{"rendered":"Contact us"},"content":{"rendered":"<div data-elementor-type=\"wp-page\" data-elementor-id=\"27\" class=\"elementor elementor-27\" data-elementor-post-type=\"page\">\n\t\t\t\t\t\t<section class=\"elementor-section elementor-top-section elementor-element elementor-element-c5d9e9b elementor-section-content-middle elementor-section-boxed elementor-section-height-default elementor-section-height-default\" data-id=\"c5d9e9b\" data-element_type=\"section\" data-e-type=\"section\">\n\t\t\t\t\t\t<div class=\"elementor-container elementor-column-gap-no\">\n\t\t\t\t\t<div class=\"elementor-column elementor-col-50 elementor-top-column elementor-element elementor-element-8401cca elementor-invisible\" data-id=\"8401cca\" data-element_type=\"column\" data-e-type=\"column\" data-settings=\"{&quot;animation&quot;:&quot;fadeInLeft&quot;}\">\n\t\t\t<div class=\"elementor-widget-wrap elementor-element-populated\">\n\t\t\t\t\t\t<div class=\"elementor-element elementor-element-7856a2a elementor-widget elementor-widget-heading\" data-id=\"7856a2a\" data-element_type=\"widget\" data-e-type=\"widget\" data-widget_type=\"heading.default\">\n\t\t\t\t<div class=\"elementor-widget-container\">\n\t\t\t\t\t<h2 class=\"elementor-heading-title elementor-size-default\">Na kontaktoni<\/h2>\t\t\t\t<\/div>\n\t\t\t\t<\/div>\n\t\t\t\t<div class=\"elementor-element elementor-element-edbb863 elementor-widget__width-initial elementor-widget elementor-widget-text-editor\" data-id=\"edbb863\" data-element_type=\"widget\" data-e-type=\"widget\" data-widget_type=\"text-editor.default\">\n\t\t\t\t<div class=\"elementor-widget-container\">\n\t\t\t\t\t\t\t\t\t<div dir=\"auto\"><div dir=\"auto\"><p data-start=\"831\" data-end=\"873\">Jemi k\u00ebtu p\u00ebr t\u2019ju ndihmuar n\u00eb \u00e7do moment.<\/p><p data-start=\"875\" data-end=\"961\"><strong data-start=\"875\" data-end=\"891\">Dyqanet tona<\/strong><br data-start=\"891\" data-end=\"894\" \/>Myslym Shyri (p\u00ebrball\u00eb Intersport)<br data-start=\"928\" data-end=\"931\" \/>Shallvaret (p\u00ebrball\u00eb Taivanit)<\/p><p data-start=\"963\" data-end=\"993\"><strong data-start=\"963\" data-end=\"974\">Telefon<\/strong><br data-start=\"974\" data-end=\"977\" \/>+355 69 398 0185<\/p><p data-start=\"963\" data-end=\"993\"><strong data-start=\"963\" data-end=\"974\">Email<\/strong><br data-start=\"974\" data-end=\"977\" \/>movimento.shoes@gmail.com<\/p><p data-start=\"995\" data-end=\"1029\"><strong data-start=\"995\" data-end=\"1004\">Orari<\/strong><br data-start=\"1004\" data-end=\"1007\" \/>09:00 \u2013 21:00 \u00e7do dit\u00eb<\/p><\/div><\/div>\t\t\t\t\t\t\t\t<\/div>\n\t\t\t\t<\/div>\n\t\t\t\t<div class=\"elementor-element elementor-element-49da4fc elementor-align-center elementor-widget elementor-widget-button\" data-id=\"49da4fc\" data-element_type=\"widget\" data-e-type=\"widget\" data-widget_type=\"button.default\">\n\t\t\t\t<div class=\"elementor-widget-container\">\n\t\t\t\t\t\t\t\t\t<div class=\"elementor-button-wrapper\">\n\t\t\t\t\t<a class=\"elementor-button elementor-button-link elementor-size-sm\" href=\"https:\/\/wa.me\/355693980185\" target=\"_blank\">\n\t\t\t\t\t\t<span class=\"elementor-button-content-wrapper\">\n\t\t\t\t\t\t<span class=\"elementor-button-icon\">\n\t\t\t\t<i aria-hidden=\"true\" class=\"fab fa-whatsapp\"><\/i>\t\t\t<\/span>\n\t\t\t\t\t\t\t\t\t<span class=\"elementor-button-text\">Na shkruaj n\u00eb WhatsApp<\/span>\n\t\t\t\t\t<\/span>\n\t\t\t\t\t<\/a>\n\t\t\t\t<\/div>\n\t\t\t\t\t\t\t\t<\/div>\n\t\t\t\t<\/div>\n\t\t\t\t\t<\/div>\n\t\t<\/div>\n\t\t\t\t<div class=\"elementor-column elementor-col-50 elementor-top-column elementor-element elementor-element-a96f61d elementor-invisible\" data-id=\"a96f61d\" data-element_type=\"column\" data-e-type=\"column\" data-settings=\"{&quot;animation&quot;:&quot;fadeInRight&quot;}\">\n\t\t\t<div class=\"elementor-widget-wrap elementor-element-populated\">\n\t\t\t\t\t\t<div class=\"elementor-element elementor-element-3d0488e elementor-widget elementor-widget-image\" data-id=\"3d0488e\" data-element_type=\"widget\" data-e-type=\"widget\" data-widget_type=\"image.default\">\n\t\t\t\t<div class=\"elementor-widget-container\">\n\t\t\t\t\t\t\t\t\t\t\t\t\t\t\t<img fetchpriority=\"high\" decoding=\"async\" width=\"1083\" height=\"605\" src=\"https:\/\/movimento.al\/wp-content\/uploads\/elementor\/thumbs\/xstore-placeholder-ppg4fddoqtp9sdqv44rsrms0p3yvyb7g0fhj02b3l4.png\" class=\"attachment-2048x2048 size-2048x2048 wp-image-1357 lazyload lazyload-simple et-lazyload-fadeIn\" alt=\"\" data-src=\"https:\/\/movimento.al\/wp-content\/uploads\/2022\/04\/Screenshot_2.png\" \/>\t\t\t\t\t\t\t\t\t\t\t\t\t\t\t<\/div>\n\t\t\t\t<\/div>\n\t\t\t\t\t<\/div>\n\t\t<\/div>\n\t\t\t\t\t<\/div>\n\t\t<\/section>\n\t\t\t\t<section class=\"elementor-section elementor-top-section elementor-element elementor-element-c83967e elementor-section-boxed elementor-section-height-default elementor-section-height-default\" data-id=\"c83967e\" data-element_type=\"section\" data-e-type=\"section\">\n\t\t\t\t\t\t<div class=\"elementor-container elementor-column-gap-default\">\n\t\t\t\t\t<div class=\"elementor-column elementor-col-100 elementor-top-column elementor-element elementor-element-3e795f7\" data-id=\"3e795f7\" data-element_type=\"column\" data-e-type=\"column\">\n\t\t\t<div class=\"elementor-widget-wrap elementor-element-populated\">\n\t\t\t\t\t\t<div class=\"elementor-element elementor-element-c62aabd elementor-widget elementor-widget-html\" data-id=\"c62aabd\" data-element_type=\"widget\" data-e-type=\"widget\" data-widget_type=\"html.default\">\n\t\t\t\t<div class=\"elementor-widget-container\">\n\t\t\t\t\t<iframe src=\"https:\/\/www.google.com\/maps\/embed?pb=!1m18!1m12!1m3!1d2996.2441295293206!2d19.81176007591511!3d41.325304471307724!2m3!1f0!2f0!3f0!3m2!1i1024!2i768!4f13.1!3m3!1m2!1s0x135031495352daab%3A0xa854bc4eafec5693!2sMOVIMENTO%20Shoes!5e0!3m2!1sen!2s!4v1776852287420!5m2!1sen!2s\" width=\"600\" height=\"450\" style=\"border:0;\" allowfullscreen=\"\" loading=\"lazy\" referrerpolicy=\"no-referrer-when-downgrade\"><\/iframe>\t\t\t\t<\/div>\n\t\t\t\t<\/div>\n\t\t\t\t\t<\/div>\n\t\t<\/div>\n\t\t\t\t\t<\/div>\n\t\t<\/section>\n\t\t\t\t<\/div>","protected":false},"excerpt":{"rendered":"<p>Na kontaktoni Jemi k\u00ebtu p\u00ebr t\u2019ju ndihmuar n\u00eb \u00e7do moment. Dyqanet tonaMyslym Shyri (p\u00ebrball\u00eb Intersport)Shallvaret (p\u00ebrball\u00eb Taivanit) Telefon+355 69 398 0185 Emailmovimento.shoes@gmail.com Orari09:00 \u2013 21:00&#8230;<\/p>","protected":false},"author":1,"featured_media":0,"parent":0,"menu_order":0,"comment_status":"closed","ping_status":"closed","template":"","meta":{"inline_featured_image":false,"footnotes":""},"class_list":["post-27","page","type-page","status-publish","hentry"],"_links":{"self":[{"href":"https:\/\/movimento.al\/en\/wp-json\/wp\/v2\/pages\/27","targetHints":{"allow":["GET"]}}],"collection":[{"href":"https:\/\/movimento.al\/en\/wp-json\/wp\/v2\/pages"}],"about":[{"href":"https:\/\/movimento.al\/en\/wp-json\/wp\/v2\/types\/page"}],"author":[{"embeddable":true,"href":"https:\/\/movimento.al\/en\/wp-json\/wp\/v2\/users\/1"}],"replies":[{"embeddable":true,"href":"https:\/\/movimento.al\/en\/wp-json\/wp\/v2\/comments?post=27"}],"version-history":[{"count":39,"href":"https:\/\/movimento.al\/en\/wp-json\/wp\/v2\/pages\/27\/revisions"}],"predecessor-version":[{"id":2375,"href":"https:\/\/movimento.al\/en\/wp-json\/wp\/v2\/pages\/27\/revisions\/2375"}],"wp:attachment":[{"href":"https:\/\/movimento.al\/en\/wp-json\/wp\/v2\/media?parent=27"}],"curies":[{"name":"wp","href":"https:\/\/api.w.org\/{rel}","templated":true}]}}